{"id":1251,"date":"2022-11-05T01:33:43","date_gmt":"2022-11-05T06:33:43","guid":{"rendered":"https:\/\/iesepamet.edu.pe\/portal\/?page_id=1251"},"modified":"2023-05-11T14:29:29","modified_gmt":"2023-05-11T19:29:29","slug":"enfermeria-tecnica","status":"publish","type":"page","link":"https:\/\/iestpyunguyo.edu.pe\/portal\/enfermeria-tecnica\/","title":{"rendered":"Enfermer\u00eda T\u00e9cnica"},"content":{"rendered":"\t\t<div data-elementor-type=\"wp-page\" data-elementor-id=\"1251\" class=\"elementor elementor-1251\">\n\t\t\t\t\t\t\t\t\t<section class=\"elementor-section elementor-top-section elementor-element elementor-element-690f976 elementor-section-boxed elementor-section-height-default elementor-section-height-default\" data-id=\"690f976\" data-element_type=\"section\">\n\t\t\t\t\t\t<div class=\"elementor-container elementor-column-gap-default\">\n\t\t\t\t\t<div class=\"elementor-column elementor-col-100 elementor-top-column elementor-element elementor-element-0dd9141\" data-id=\"0dd9141\" data-element_type=\"column\">\n\t\t\t<div class=\"elementor-widget-wrap elementor-element-populated\">\n\t\t\t\t\t\t\t\t<div class=\"elementor-element elementor-element-1d70177 elementor-widget elementor-widget-image\" data-id=\"1d70177\" data-element_type=\"widget\" data-widget_type=\"image.default\">\n\t\t\t\t<div class=\"elementor-widget-container\">\n\t\t\t<style>\/*! elementor - v3.9.2 - 21-12-2022 *\/\n.elementor-widget-image{text-align:center}.elementor-widget-image a{display:inline-block}.elementor-widget-image a img[src$=\".svg\"]{width:48px}.elementor-widget-image img{vertical-align:middle;display:inline-block}<\/style>\t\t\t\t\t\t\t\t\t\t\t\t<img loading=\"lazy\" decoding=\"async\" width=\"1536\" height=\"384\" src=\"https:\/\/iestpyunguyo.edu.pe\/portal\/wp-content\/uploads\/2023\/03\/enfermeria-baner-1536x384.jpg\" class=\"attachment-1536x1536 size-1536x1536 wp-image-3226\" alt=\"\" srcset=\"https:\/\/iestpyunguyo.edu.pe\/portal\/wp-content\/uploads\/2023\/03\/enfermeria-baner-1536x384.jpg 1536w, https:\/\/iestpyunguyo.edu.pe\/portal\/wp-content\/uploads\/2023\/03\/enfermeria-baner-300x75.jpg 300w, https:\/\/iestpyunguyo.edu.pe\/portal\/wp-content\/uploads\/2023\/03\/enfermeria-baner-1024x256.jpg 1024w, https:\/\/iestpyunguyo.edu.pe\/portal\/wp-content\/uploads\/2023\/03\/enfermeria-baner-768x192.jpg 768w, https:\/\/iestpyunguyo.edu.pe\/portal\/wp-content\/uploads\/2023\/03\/enfermeria-baner.jpg 1920w\" sizes=\"auto, (max-width: 1536px) 100vw, 1536px\" \/>\t\t\t\t\t\t\t\t\t\t\t\t\t\t\t<\/div>\n\t\t\t\t<\/div>\n\t\t\t\t\t<\/div>\n\t\t<\/div>\n\t\t\t\t\t\t\t<\/div>\n\t\t<\/section>\n\t\t\t\t<section class=\"elementor-section elementor-top-section elementor-element elementor-element-d8c737d elementor-section-boxed elementor-section-height-default elementor-section-height-default\" data-id=\"d8c737d\" data-element_type=\"section\">\n\t\t\t\t\t\t<div class=\"elementor-container elementor-column-gap-default\">\n\t\t\t\t\t<div class=\"elementor-column elementor-col-100 elementor-top-column elementor-element elementor-element-4bb02e8\" data-id=\"4bb02e8\" data-element_type=\"column\">\n\t\t\t<div class=\"elementor-widget-wrap elementor-element-populated\">\n\t\t\t\t\t\t\t\t<div class=\"elementor-element elementor-element-635d1cf elementor-tabs-view-horizontal elementor-invisible elementor-widget elementor-widget-tabs\" data-id=\"635d1cf\" data-element_type=\"widget\" data-settings=\"{&quot;_animation&quot;:&quot;slideInDown&quot;}\" data-widget_type=\"tabs.default\">\n\t\t\t\t<div class=\"elementor-widget-container\">\n\t\t\t<style>\/*! elementor - v3.9.2 - 21-12-2022 *\/\n.elementor-widget-tabs.elementor-tabs-view-vertical .elementor-tabs-wrapper{width:25%;flex-shrink:0}.elementor-widget-tabs.elementor-tabs-view-vertical .elementor-tab-desktop-title.elementor-active{border-right-style:none}.elementor-widget-tabs.elementor-tabs-view-vertical .elementor-tab-desktop-title.elementor-active:after,.elementor-widget-tabs.elementor-tabs-view-vertical .elementor-tab-desktop-title.elementor-active:before{height:999em;width:0;right:0;border-right-style:solid}.elementor-widget-tabs.elementor-tabs-view-vertical .elementor-tab-desktop-title.elementor-active:before{top:0;transform:translateY(-100%)}.elementor-widget-tabs.elementor-tabs-view-vertical .elementor-tab-desktop-title.elementor-active:after{top:100%}.elementor-widget-tabs.elementor-tabs-view-horizontal .elementor-tab-desktop-title{display:table-cell}.elementor-widget-tabs.elementor-tabs-view-horizontal .elementor-tab-desktop-title.elementor-active{border-bottom-style:none}.elementor-widget-tabs.elementor-tabs-view-horizontal .elementor-tab-desktop-title.elementor-active:after,.elementor-widget-tabs.elementor-tabs-view-horizontal .elementor-tab-desktop-title.elementor-active:before{bottom:0;height:0;width:999em;border-bottom-style:solid}.elementor-widget-tabs.elementor-tabs-view-horizontal .elementor-tab-desktop-title.elementor-active:before{right:100%}.elementor-widget-tabs.elementor-tabs-view-horizontal .elementor-tab-desktop-title.elementor-active:after{left:100%}.elementor-widget-tabs .elementor-tab-content,.elementor-widget-tabs .elementor-tab-title,.elementor-widget-tabs .elementor-tab-title:after,.elementor-widget-tabs .elementor-tab-title:before,.elementor-widget-tabs .elementor-tabs-content-wrapper{border:1px #d4d4d4}.elementor-widget-tabs .elementor-tabs{text-align:left}.elementor-widget-tabs .elementor-tabs-wrapper{overflow:hidden}.elementor-widget-tabs .elementor-tab-title{cursor:pointer;outline:var(--focus-outline,none)}.elementor-widget-tabs .elementor-tab-desktop-title{position:relative;padding:20px 25px;font-weight:700;line-height:1;border:solid transparent}.elementor-widget-tabs .elementor-tab-desktop-title.elementor-active{border-color:#d4d4d4}.elementor-widget-tabs .elementor-tab-desktop-title.elementor-active:after,.elementor-widget-tabs .elementor-tab-desktop-title.elementor-active:before{display:block;content:\"\";position:absolute}.elementor-widget-tabs .elementor-tab-desktop-title:focus-visible{border:1px solid #000}.elementor-widget-tabs .elementor-tab-mobile-title{padding:10px;cursor:pointer}.elementor-widget-tabs .elementor-tab-content{padding:20px;display:none}@media (max-width:767px){.elementor-tabs .elementor-tab-content,.elementor-tabs .elementor-tab-title{border-style:solid solid none}.elementor-tabs .elementor-tabs-wrapper{display:none}.elementor-tabs .elementor-tabs-content-wrapper{border-bottom-style:solid}.elementor-tabs .elementor-tab-content{padding:10px}}@media (min-width:768px){.elementor-widget-tabs.elementor-tabs-view-vertical .elementor-tabs{display:flex}.elementor-widget-tabs.elementor-tabs-view-vertical .elementor-tabs-wrapper{flex-direction:column}.elementor-widget-tabs.elementor-tabs-view-vertical .elementor-tabs-content-wrapper{flex-grow:1;border-style:solid solid solid none}.elementor-widget-tabs.elementor-tabs-view-horizontal .elementor-tab-content{border-style:none solid solid}.elementor-widget-tabs.elementor-tabs-alignment-center .elementor-tabs-wrapper,.elementor-widget-tabs.elementor-tabs-alignment-end .elementor-tabs-wrapper,.elementor-widget-tabs.elementor-tabs-alignment-stretch .elementor-tabs-wrapper{display:flex}.elementor-widget-tabs.elementor-tabs-alignment-center .elementor-tabs-wrapper{justify-content:center}.elementor-widget-tabs.elementor-tabs-alignment-end .elementor-tabs-wrapper{justify-content:flex-end}.elementor-widget-tabs.elementor-tabs-alignment-stretch.elementor-tabs-view-horizontal .elementor-tab-title{width:100%}.elementor-widget-tabs.elementor-tabs-alignment-stretch.elementor-tabs-view-vertical .elementor-tab-title{height:100%}.elementor-tabs .elementor-tab-mobile-title{display:none}}<\/style>\t\t<div class=\"elementor-tabs\">\n\t\t\t<div class=\"elementor-tabs-wrapper\" role=\"tablist\" >\n\t\t\t\t\t\t\t\t\t<div id=\"elementor-tab-title-1041\" class=\"elementor-tab-title elementor-tab-desktop-title\" aria-selected=\"true\" data-tab=\"1\" role=\"tab\" tabindex=\"0\" aria-controls=\"elementor-tab-content-1041\" aria-expanded=\"false\">PROGRAMA<\/div>\n\t\t\t\t\t\t\t\t\t<div id=\"elementor-tab-title-1042\" class=\"elementor-tab-title elementor-tab-desktop-title\" aria-selected=\"false\" data-tab=\"2\" role=\"tab\" tabindex=\"-1\" aria-controls=\"elementor-tab-content-1042\" aria-expanded=\"false\">PERFIL<\/div>\n\t\t\t\t\t\t\t\t\t<div id=\"elementor-tab-title-1043\" class=\"elementor-tab-title elementor-tab-desktop-title\" aria-selected=\"false\" data-tab=\"3\" role=\"tab\" tabindex=\"-1\" aria-controls=\"elementor-tab-content-1043\" aria-expanded=\"false\">MODULOS<\/div>\n\t\t\t\t\t\t\t\t\t<div id=\"elementor-tab-title-1044\" class=\"elementor-tab-title elementor-tab-desktop-title\" aria-selected=\"false\" data-tab=\"4\" role=\"tab\" tabindex=\"-1\" aria-controls=\"elementor-tab-content-1044\" aria-expanded=\"false\">COMPETENCIAS<\/div>\n\t\t\t\t\t\t\t\t\t<div id=\"elementor-tab-title-1045\" class=\"elementor-tab-title elementor-tab-desktop-title\" aria-selected=\"false\" data-tab=\"5\" role=\"tab\" tabindex=\"-1\" aria-controls=\"elementor-tab-content-1045\" aria-expanded=\"false\">TITULO<\/div>\n\t\t\t\t\t\t\t\t\t<div id=\"elementor-tab-title-1046\" class=\"elementor-tab-title elementor-tab-desktop-title\" aria-selected=\"false\" data-tab=\"6\" role=\"tab\" tabindex=\"-1\" aria-controls=\"elementor-tab-content-1046\" aria-expanded=\"false\">ITINERARIO FORMATIVO<\/div>\n\t\t\t\t\t\t\t\t\t<div id=\"elementor-tab-title-1047\" class=\"elementor-tab-title elementor-tab-desktop-title\" aria-selected=\"false\" data-tab=\"7\" role=\"tab\" tabindex=\"-1\" aria-controls=\"elementor-tab-content-1047\" aria-expanded=\"false\">HORARIO<\/div>\n\t\t\t\t\t\t\t<\/div>\n\t\t\t<div class=\"elementor-tabs-content-wrapper\" role=\"tablist\" aria-orientation=\"vertical\">\n\t\t\t\t\t\t\t\t\t<div class=\"elementor-tab-title elementor-tab-mobile-title\" aria-selected=\"true\" data-tab=\"1\" role=\"tab\" tabindex=\"0\" aria-controls=\"elementor-tab-content-1041\" aria-expanded=\"false\">PROGRAMA<\/div>\n\t\t\t\t\t<div id=\"elementor-tab-content-1041\" class=\"elementor-tab-content elementor-clearfix\" data-tab=\"1\" role=\"tabpanel\" aria-labelledby=\"elementor-tab-title-1041\" tabindex=\"0\" hidden=\"false\"><pre>El programa de estudios de Enfermer\u00eda T\u00e9cnica forma profesionales con capacidad de realizar actividades de promoci\u00f3n, prevenci\u00f3n, recuperaci\u00f3n y rehabilitaci\u00f3n de la salud del usuario, brindando cuidados integrales con calidad y calidez seg\u00fan curso de vida, escenarios de intervenci\u00f3n y niveles de atenci\u00f3n; con enfoque intercultural, de derechos, de g\u00e9nero y familiar; asimismo, con base en el Plan de Estudios vigente, podr\u00e1 aplicar conocimientos y habilidades de comunicaci\u00f3n efectiva, tecnolog\u00edas de la informaci\u00f3n, \u00e9tica, ingl\u00e9s, soluci\u00f3n de problemas, innovaci\u00f3n, cultura ambiental, emprendimiento y trabajo colaborativo teniendo en cuenta la situaci\u00f3n local, regional y nacional de salud y normatividad vigente. Todo ello le permitir\u00e1 insertarse en el mercado laboral de manera eficiente y competente.<\/pre><\/div>\n\t\t\t\t\t\t\t\t\t<div class=\"elementor-tab-title elementor-tab-mobile-title\" aria-selected=\"false\" data-tab=\"2\" role=\"tab\" tabindex=\"-1\" aria-controls=\"elementor-tab-content-1042\" aria-expanded=\"false\">PERFIL<\/div>\n\t\t\t\t\t<div id=\"elementor-tab-content-1042\" class=\"elementor-tab-content elementor-clearfix\" data-tab=\"2\" role=\"tabpanel\" aria-labelledby=\"elementor-tab-title-1042\" tabindex=\"0\" hidden=\"hidden\"><pre>El egresado del programa de estudios de Enfermer\u00eda T\u00e9cnica es un profesional t\u00e9cnico con competencias para realizar\u00a0 actividades de promoci\u00f3n y prevenci\u00f3n en salud individual y colectiva, asistencia en la atenci\u00f3n de las necesidades b\u00e1sicas y cuidados integrales de salud de la persona en las diferentes etapas de vida, aplicando el enfoque intercultural y de derechos de g\u00e9nero y familiar en concordancia con la normativa vigente; desarrolla habilidades blandas para comunicarse eficientemente y con asertividad, interpreta manuales y comunica textos en ingl\u00e9s, utiliza las tecnolog\u00edas de la informaci\u00f3n y se desenvuelve con \u00e9tica; asimismo, soluciona problemas de su \u00e1mbito laboral, de manera innovadora, formulando proyectos o negocios que generen valor y sean sostenibles\u00a0 y contribuye con el cuidado ambiental<\/pre><\/div>\n\t\t\t\t\t\t\t\t\t<div class=\"elementor-tab-title elementor-tab-mobile-title\" aria-selected=\"false\" data-tab=\"3\" role=\"tab\" tabindex=\"-1\" aria-controls=\"elementor-tab-content-1043\" aria-expanded=\"false\">MODULOS<\/div>\n\t\t\t\t\t<div id=\"elementor-tab-content-1043\" class=\"elementor-tab-content elementor-clearfix\" data-tab=\"3\" role=\"tabpanel\" aria-labelledby=\"elementor-tab-title-1043\" tabindex=\"0\" hidden=\"hidden\"><ul><li><pre>M\u00f3dulo N\u00b0 01: Asistencia en promoci\u00f3n y prevenci\u00f3n de la salud.<\/pre><\/li><li><pre>M\u00f3dulo N\u00b0 2: Asistencia en la atenci\u00f3n b\u00e1sica de la salud.<\/pre><\/li><li><pre>M\u00f3dulo N\u00b0 3: Asistencia en la atenci\u00f3n integral en salud<\/pre><\/li><\/ul><\/div>\n\t\t\t\t\t\t\t\t\t<div class=\"elementor-tab-title elementor-tab-mobile-title\" aria-selected=\"false\" data-tab=\"4\" role=\"tab\" tabindex=\"-1\" aria-controls=\"elementor-tab-content-1044\" aria-expanded=\"false\">COMPETENCIAS<\/div>\n\t\t\t\t\t<div id=\"elementor-tab-content-1044\" class=\"elementor-tab-content elementor-clearfix\" data-tab=\"4\" role=\"tabpanel\" aria-labelledby=\"elementor-tab-title-1044\" tabindex=\"0\" hidden=\"hidden\"><ul><li><pre>Realizar actividades de promoci\u00f3n de la salud con enfoque intercultural, de acuerdo con la situaci\u00f3n local de salud, pol\u00edtica sectorial, nacional, regional y la normativa vigente.<\/pre><\/li><\/ul><ul><li><pre>Realizar actividades de prevenci\u00f3n en salud individual y colectiva aplicando el enfoque intercultural, de acuerdo con gu\u00edas, procedimientos establecidos y normativa vigente.<\/pre><\/li><\/ul><ul><li><pre>Asistir en la atenci\u00f3n de las necesidades b\u00e1sicas de la salud de la persona por etapas de vida, aplicando el enfoque intercultural y seg\u00fan indicaciones del jefe inmediato, el nivel de atenci\u00f3n y la normativa vigente.<\/pre><\/li><\/ul><ul><li><pre>Asistir en los cuidados integrales de salud a la persona en las diferentes etapas de vida aplicando el enfoque intercultural y de derechos, de g\u00e9nero y familiar en concordancia con la normativa vigente.<\/pre><\/li><\/ul><\/div>\n\t\t\t\t\t\t\t\t\t<div class=\"elementor-tab-title elementor-tab-mobile-title\" aria-selected=\"false\" data-tab=\"5\" role=\"tab\" tabindex=\"-1\" aria-controls=\"elementor-tab-content-1045\" aria-expanded=\"false\">TITULO<\/div>\n\t\t\t\t\t<div id=\"elementor-tab-content-1045\" class=\"elementor-tab-content elementor-clearfix\" data-tab=\"5\" role=\"tabpanel\" aria-labelledby=\"elementor-tab-title-1045\" tabindex=\"0\" hidden=\"hidden\"><pre><span style=\"color: #000000;\"><strong>TITULO A NOMBRE DE LA NACI\u00d3N<\/strong><\/span>: Profesional T\u00e9cnico en Enfermer\u00eda.<\/pre><pre><span style=\"color: #000000;\"><strong>DURACI\u00d3N<\/strong><\/span>: 3 A\u00d1OS (6 Semestres Academicos).<\/pre><\/div>\n\t\t\t\t\t\t\t\t\t<div class=\"elementor-tab-title elementor-tab-mobile-title\" aria-selected=\"false\" data-tab=\"6\" role=\"tab\" tabindex=\"-1\" aria-controls=\"elementor-tab-content-1046\" aria-expanded=\"false\">ITINERARIO FORMATIVO<\/div>\n\t\t\t\t\t<div id=\"elementor-tab-content-1046\" class=\"elementor-tab-content elementor-clearfix\" data-tab=\"6\" role=\"tabpanel\" aria-labelledby=\"elementor-tab-title-1046\" tabindex=\"0\" hidden=\"hidden\"><iframe style=\"width: 100%; height: 700px;\" src=\"https:\/\/iestpyunguyo.edu.pe\/portal\/wp-content\/uploads\/2022\/12\/Itinerario-de-Enfermeria-1.pdf\" frameborder=\"0\"><\/iframe><\/div>\n\t\t\t\t\t\t\t\t\t<div class=\"elementor-tab-title elementor-tab-mobile-title\" aria-selected=\"false\" data-tab=\"7\" role=\"tab\" tabindex=\"-1\" aria-controls=\"elementor-tab-content-1047\" aria-expanded=\"false\">HORARIO<\/div>\n\t\t\t\t\t<div id=\"elementor-tab-content-1047\" class=\"elementor-tab-content elementor-clearfix\" data-tab=\"7\" role=\"tabpanel\" aria-labelledby=\"elementor-tab-title-1047\" tabindex=\"0\" hidden=\"hidden\"><iframe style=\"width: 100%; height: 700px;\" src=\"https:\/\/iestpyunguyo.edu.pe\/portal\/wp-content\/uploads\/2023\/05\/horario-enfermeria-ultimo.pdf\" frameborder=\"0\"><\/iframe><\/div>\n\t\t\t\t\t\t\t<\/div>\n\t\t<\/div>\n\t\t\t\t<\/div>\n\t\t\t\t<\/div>\n\t\t\t\t\t<\/div>\n\t\t<\/div>\n\t\t\t\t\t\t\t<\/div>\n\t\t<\/section>\n\t\t\t\t\t\t\t<\/div>\n\t\t","protected":false},"excerpt":{"rendered":"<p class=\"tx-excerpt\">PROGRAMA PERFIL MODULOS COMPETENCIAS TITULO ITINERARIO FORMATIVO HORARIO PROGRAMA El programa de estudios de Enfermer\u00eda T\u00e9cnica forma profesionales con capacidad de realizar actividades<div class=\"tx-read-more\"><a href=\"https:\/\/iestpyunguyo.edu.pe\/portal\/enfermeria-tecnica\/\">Seguir Leyendo<\/a><\/div>","protected":false},"author":1,"featured_media":0,"parent":0,"menu_order":0,"comment_status":"closed","ping_status":"closed","template":"","meta":{"footnotes":""},"class_list":["post-1251","page","type-page","status-publish","hentry"],"_links":{"self":[{"href":"https:\/\/iestpyunguyo.edu.pe\/portal\/wp-json\/wp\/v2\/pages\/1251","targetHints":{"allow":["GET"]}}],"collection":[{"href":"https:\/\/iestpyunguyo.edu.pe\/portal\/wp-json\/wp\/v2\/pages"}],"about":[{"href":"https:\/\/iestpyunguyo.edu.pe\/portal\/wp-json\/wp\/v2\/types\/page"}],"author":[{"embeddable":true,"href":"https:\/\/iestpyunguyo.edu.pe\/portal\/wp-json\/wp\/v2\/users\/1"}],"replies":[{"embeddable":true,"href":"https:\/\/iestpyunguyo.edu.pe\/portal\/wp-json\/wp\/v2\/comments?post=1251"}],"version-history":[{"count":28,"href":"https:\/\/iestpyunguyo.edu.pe\/portal\/wp-json\/wp\/v2\/pages\/1251\/revisions"}],"predecessor-version":[{"id":4431,"href":"https:\/\/iestpyunguyo.edu.pe\/portal\/wp-json\/wp\/v2\/pages\/1251\/revisions\/4431"}],"wp:attachment":[{"href":"https:\/\/iestpyunguyo.edu.pe\/portal\/wp-json\/wp\/v2\/media?parent=1251"}],"curies":[{"name":"wp","href":"https:\/\/api.w.org\/{rel}","templated":true}]}}