{"id":2015,"date":"2022-11-23T17:21:35","date_gmt":"2022-11-23T17:21:35","guid":{"rendered":"https:\/\/iesanta.edu.pe\/portal\/?page_id=2015"},"modified":"2023-04-14T20:30:29","modified_gmt":"2023-04-15T01:30:29","slug":"estadistica","status":"publish","type":"page","link":"https:\/\/iestpyunguyo.edu.pe\/portal\/estadistica\/","title":{"rendered":"Estad\u00edstica"},"content":{"rendered":"\t\t<div data-elementor-type=\"wp-page\" data-elementor-id=\"2015\" class=\"elementor elementor-2015\">\n\t\t\t\t\t\t\t\t\t<section class=\"elementor-section elementor-top-section elementor-element elementor-element-01294f9 elementor-section-boxed elementor-section-height-default elementor-section-height-default\" data-id=\"01294f9\" data-element_type=\"section\">\n\t\t\t\t\t\t<div class=\"elementor-container elementor-column-gap-default\">\n\t\t\t\t\t<div class=\"elementor-column elementor-col-100 elementor-top-column elementor-element elementor-element-1f87cef\" data-id=\"1f87cef\" data-element_type=\"column\">\n\t\t\t<div class=\"elementor-widget-wrap elementor-element-populated\">\n\t\t\t\t\t\t\t\t<div class=\"elementor-element elementor-element-d8bdc99 elementor-widget elementor-widget-spacer\" data-id=\"d8bdc99\" data-element_type=\"widget\" data-widget_type=\"spacer.default\">\n\t\t\t\t<div class=\"elementor-widget-container\">\n\t\t\t<style>\/*! elementor - v3.9.2 - 21-12-2022 *\/\n.elementor-column .elementor-spacer-inner{height:var(--spacer-size)}.e-con{--container-widget-width:100%}.e-con-inner>.elementor-widget-spacer,.e-con>.elementor-widget-spacer{width:var(--container-widget-width,var(--spacer-size));--align-self:var(--container-widget-align-self,initial);--flex-shrink:0}.e-con-inner>.elementor-widget-spacer>.elementor-widget-container,.e-con-inner>.elementor-widget-spacer>.elementor-widget-container>.elementor-spacer,.e-con>.elementor-widget-spacer>.elementor-widget-container,.e-con>.elementor-widget-spacer>.elementor-widget-container>.elementor-spacer{height:100%}.e-con-inner>.elementor-widget-spacer>.elementor-widget-container>.elementor-spacer>.elementor-spacer-inner,.e-con>.elementor-widget-spacer>.elementor-widget-container>.elementor-spacer>.elementor-spacer-inner{height:var(--container-widget-height,var(--spacer-size))}<\/style>\t\t<div class=\"elementor-spacer\">\n\t\t\t<div class=\"elementor-spacer-inner\"><\/div>\n\t\t<\/div>\n\t\t\t\t<\/div>\n\t\t\t\t<\/div>\n\t\t\t\t\t<\/div>\n\t\t<\/div>\n\t\t\t\t\t\t\t<\/div>\n\t\t<\/section>\n\t\t\t\t<section class=\"elementor-section elementor-top-section elementor-element elementor-element-cb49077 elementor-section-boxed elementor-section-height-default elementor-section-height-default\" data-id=\"cb49077\" data-element_type=\"section\">\n\t\t\t\t\t\t<div class=\"elementor-container elementor-column-gap-default\">\n\t\t\t\t\t<div class=\"elementor-column elementor-col-100 elementor-top-column elementor-element elementor-element-ce542ae\" data-id=\"ce542ae\" data-element_type=\"column\">\n\t\t\t<div class=\"elementor-widget-wrap elementor-element-populated\">\n\t\t\t\t\t\t\t\t<div class=\"elementor-element elementor-element-2460e96 elementor-widget elementor-widget-heading\" data-id=\"2460e96\" data-element_type=\"widget\" data-widget_type=\"heading.default\">\n\t\t\t\t<div class=\"elementor-widget-container\">\n\t\t\t<style>\/*! elementor - v3.9.2 - 21-12-2022 *\/\n.elementor-heading-title{padding:0;margin:0;line-height:1}.elementor-widget-heading .elementor-heading-title[class*=elementor-size-]>a{color:inherit;font-size:inherit;line-height:inherit}.elementor-widget-heading .elementor-heading-title.elementor-size-small{font-size:15px}.elementor-widget-heading .elementor-heading-title.elementor-size-medium{font-size:19px}.elementor-widget-heading .elementor-heading-title.elementor-size-large{font-size:29px}.elementor-widget-heading .elementor-heading-title.elementor-size-xl{font-size:39px}.elementor-widget-heading .elementor-heading-title.elementor-size-xxl{font-size:59px}<\/style><h2 class=\"elementor-heading-title elementor-size-default\">ESTADISTICAS DE INGRESANTES 2021 - 2022<\/h2>\t\t<\/div>\n\t\t\t\t<\/div>\n\t\t\t\t<div class=\"elementor-element elementor-element-81b4238 tx-table-align-center tx-table-dt-th-align-center tx-table-dt-td-align-center elementor-widget elementor-widget-ep-table\" data-id=\"81b4238\" data-element_type=\"widget\" data-widget_type=\"ep-table.default\">\n\t\t\t\t<div class=\"elementor-widget-container\">\n\t\t\t        <div class=\"tx-table-wrap\">\n            <table class=\"table tx-table center\" id=\"tx-table-81b4238\">\n                <thead>\n                    <tr class=\"table-header\">\n                                                <th colspan=\"\">\n                                                        PROGRAMA DE ESTUDIOS<\/th>\n                                                <th colspan=\"\">\n                                                        2021<\/th>\n                                                <th colspan=\"\">\n                                                        2022<\/th>\n                                            <\/tr>\n                <\/thead>\n                <tbody>\n                                            <tr>\n                                                                        <td colspan=\"\" rowspan=\"\">\n                                                <div class=\"td-content-wrapper\"><div class=\"td-content\"><p>Enfermer\u00eda T\u00e9cnica<\/p><\/div><\/div>\n                                            <\/td>\n                                       \n                                                                                    <td colspan=\"\" rowspan=\"\">\n                                                <div class=\"td-content-wrapper\"><div class=\"td-content\"><p>60<\/p><\/div><\/div>\n                                            <\/td>\n                                       \n                                                                                    <td colspan=\"\" rowspan=\"\">\n                                                <div class=\"td-content-wrapper\"><div class=\"td-content\"><p>50<\/p><\/div><\/div>\n                                            <\/td>\n                                       \n                                                                <\/tr>\n                                            <tr>\n                                                                        <td colspan=\"\" rowspan=\"\">\n                                                <div class=\"td-content-wrapper\"><div class=\"td-content\"><p>Arquitectura de Plataformas y Servicios de Tecnolog\u00edas de la Informaci\u00f3n.<\/p><\/div><\/div>\n                                            <\/td>\n                                       \n                                                                                    <td colspan=\"\" rowspan=\"\">\n                                                <div class=\"td-content-wrapper\"><div class=\"td-content\"><p>60<\/p><\/div><\/div>\n                                            <\/td>\n                                       \n                                                                                    <td colspan=\"\" rowspan=\"\">\n                                                <div class=\"td-content-wrapper\"><div class=\"td-content\"><p>50<\/p><\/div><\/div>\n                                            <\/td>\n                                       \n                                                                <\/tr>\n                                            <tr>\n                                                                        <td colspan=\"\" rowspan=\"\">\n                                                <div class=\"td-content-wrapper\"><div class=\"td-content\"><p>TOTAL<\/p><\/div><\/div>\n                                            <\/td>\n                                       \n                                                                                    <td colspan=\"\" rowspan=\"\">\n                                                <div class=\"td-content-wrapper\"><div class=\"td-content\"><p>120<\/p><\/div><\/div>\n                                            <\/td>\n                                       \n                                                                                    <td colspan=\"\" rowspan=\"\">\n                                                <div class=\"td-content-wrapper\"><div class=\"td-content\"><p>100<\/p><\/div><\/div>\n                                            <\/td>\n                                       \n                                                                <\/tr>\n                                            <tr>\n                                                    <\/tr>\n                                    <\/tbody>\n            <\/table>\n        <\/div>\n        \t\t<\/div>\n\t\t\t\t<\/div>\n\t\t\t\t<div class=\"elementor-element elementor-element-eaf5a38 elementor-widget elementor-widget-heading\" data-id=\"eaf5a38\" data-element_type=\"widget\" data-widget_type=\"heading.default\">\n\t\t\t\t<div class=\"elementor-widget-container\">\n\t\t\t<h2 class=\"elementor-heading-title elementor-size-default\">ESTADISTICAS DE ESTUDIANTES MATRICULADOS 2021 - 2022<\/h2>\t\t<\/div>\n\t\t\t\t<\/div>\n\t\t\t\t\t<\/div>\n\t\t<\/div>\n\t\t\t\t\t\t\t<\/div>\n\t\t<\/section>\n\t\t\t\t<section class=\"elementor-section elementor-top-section elementor-element elementor-element-fcc30c8 elementor-section-boxed elementor-section-height-default elementor-section-height-default\" data-id=\"fcc30c8\" data-element_type=\"section\">\n\t\t\t\t\t\t<div class=\"elementor-container elementor-column-gap-default\">\n\t\t\t\t\t<div class=\"elementor-column elementor-col-25 elementor-top-column elementor-element elementor-element-b656d36\" data-id=\"b656d36\" data-element_type=\"column\">\n\t\t\t<div class=\"elementor-widget-wrap elementor-element-populated\">\n\t\t\t\t\t\t\t\t<div class=\"elementor-element elementor-element-b90e11e elementor-view-stacked elementor-shape-circle elementor-invisible elementor-widget elementor-widget-icon\" data-id=\"b90e11e\" data-element_type=\"widget\" data-settings=\"{&quot;_animation&quot;:&quot;fadeInDown&quot;}\" data-widget_type=\"icon.default\">\n\t\t\t\t<div class=\"elementor-widget-container\">\n\t\t\t\t\t<div class=\"elementor-icon-wrapper\">\n\t\t\t<a class=\"elementor-icon\" href=\"https:\/\/drive.google.com\/file\/d\/1fd9eEX8gGckdNqWF_rOKAqOoQvstrMru\/view?usp=sharing\" target=\"_blank\">\n\t\t\t<i aria-hidden=\"true\" class=\"far fa-file-pdf\"><\/i>\t\t\t<\/a>\n\t\t<\/div>\n\t\t\t\t<\/div>\n\t\t\t\t<\/div>\n\t\t\t\t<div class=\"elementor-element elementor-element-f6ac53a elementor-widget elementor-widget-heading\" data-id=\"f6ac53a\" data-element_type=\"widget\" data-widget_type=\"heading.default\">\n\t\t\t\t<div class=\"elementor-widget-container\">\n\t\t\t<h2 class=\"elementor-heading-title elementor-size-default\"><b>2021-<\/b>I<\/h2>\t\t<\/div>\n\t\t\t\t<\/div>\n\t\t\t\t\t<\/div>\n\t\t<\/div>\n\t\t\t\t<div class=\"elementor-column elementor-col-25 elementor-top-column elementor-element elementor-element-2abdf04\" data-id=\"2abdf04\" data-element_type=\"column\">\n\t\t\t<div class=\"elementor-widget-wrap elementor-element-populated\">\n\t\t\t\t\t\t\t\t<div class=\"elementor-element elementor-element-4f0817b elementor-view-stacked elementor-shape-circle elementor-invisible elementor-widget elementor-widget-icon\" data-id=\"4f0817b\" data-element_type=\"widget\" data-settings=\"{&quot;_animation&quot;:&quot;fadeInDown&quot;}\" data-widget_type=\"icon.default\">\n\t\t\t\t<div class=\"elementor-widget-container\">\n\t\t\t\t\t<div class=\"elementor-icon-wrapper\">\n\t\t\t<a class=\"elementor-icon\" href=\"https:\/\/drive.google.com\/file\/d\/1vDpFa_IIUpaIMTH6vy1clPqCw7e_reCq\/view?usp=sharing\" target=\"_blank\">\n\t\t\t<i aria-hidden=\"true\" class=\"far fa-file-pdf\"><\/i>\t\t\t<\/a>\n\t\t<\/div>\n\t\t\t\t<\/div>\n\t\t\t\t<\/div>\n\t\t\t\t<div class=\"elementor-element elementor-element-b82682e elementor-widget elementor-widget-heading\" data-id=\"b82682e\" data-element_type=\"widget\" data-widget_type=\"heading.default\">\n\t\t\t\t<div class=\"elementor-widget-container\">\n\t\t\t<h2 class=\"elementor-heading-title elementor-size-default\">2021-II<\/h2>\t\t<\/div>\n\t\t\t\t<\/div>\n\t\t\t\t\t<\/div>\n\t\t<\/div>\n\t\t\t\t<div class=\"elementor-column elementor-col-25 elementor-top-column elementor-element elementor-element-b77493a\" data-id=\"b77493a\" data-element_type=\"column\">\n\t\t\t<div class=\"elementor-widget-wrap elementor-element-populated\">\n\t\t\t\t\t\t\t\t<div class=\"elementor-element elementor-element-8367d0f elementor-view-stacked elementor-shape-circle elementor-invisible elementor-widget elementor-widget-icon\" data-id=\"8367d0f\" data-element_type=\"widget\" data-settings=\"{&quot;_animation&quot;:&quot;fadeInDown&quot;}\" data-widget_type=\"icon.default\">\n\t\t\t\t<div class=\"elementor-widget-container\">\n\t\t\t\t\t<div class=\"elementor-icon-wrapper\">\n\t\t\t<a class=\"elementor-icon\" href=\"https:\/\/drive.google.com\/file\/d\/1-M4V1VHdFucSaZx0gJiBcNZYLMggRxum\/view?usp=sharing\" target=\"_blank\">\n\t\t\t<i aria-hidden=\"true\" class=\"far fa-file-pdf\"><\/i>\t\t\t<\/a>\n\t\t<\/div>\n\t\t\t\t<\/div>\n\t\t\t\t<\/div>\n\t\t\t\t<div class=\"elementor-element elementor-element-b8e44e2 elementor-widget elementor-widget-heading\" data-id=\"b8e44e2\" data-element_type=\"widget\" data-widget_type=\"heading.default\">\n\t\t\t\t<div class=\"elementor-widget-container\">\n\t\t\t<h2 class=\"elementor-heading-title elementor-size-default\">2022-I<\/h2>\t\t<\/div>\n\t\t\t\t<\/div>\n\t\t\t\t\t<\/div>\n\t\t<\/div>\n\t\t\t\t<div class=\"elementor-column elementor-col-25 elementor-top-column elementor-element elementor-element-ed9893b\" data-id=\"ed9893b\" data-element_type=\"column\">\n\t\t\t<div class=\"elementor-widget-wrap elementor-element-populated\">\n\t\t\t\t\t\t\t\t<div data-tippy-content=\"&lt;p&gt;ESTADISTICAS 2022-II&lt;\/p&gt;\" data-pafe-tippy-options=\"{&quot;duration&quot;:300,&quot;animation&quot;:&quot;scale&quot;,&quot;distance&quot;:5,&quot;placement&quot;:&quot;top&quot;,&quot;allowHTML&quot;:true}\" class=\"elementor-element elementor-element-72d6843 elementor-view-stacked elementor-shape-circle elementor-invisible elementor-widget elementor-widget-icon\" data-id=\"72d6843\" data-element_type=\"widget\" data-settings=\"{&quot;_animation&quot;:&quot;fadeInDown&quot;}\" data-widget_type=\"icon.default\">\n\t\t\t\t<div class=\"elementor-widget-container\">\n\t\t\t\t\t<div class=\"elementor-icon-wrapper\">\n\t\t\t<a class=\"elementor-icon\" href=\"https:\/\/drive.google.com\/file\/d\/1LL2-u9iDpIUcacN1BycEsux_gl92Av3L\/view?usp=sharing\" target=\"_blank\">\n\t\t\t<i aria-hidden=\"true\" class=\"far fa-file-pdf\"><\/i>\t\t\t<\/a>\n\t\t<\/div>\n\t\t\t\t<\/div>\n\t\t\t\t<\/div>\n\t\t\t\t<div class=\"elementor-element elementor-element-321d22b elementor-widget elementor-widget-heading\" data-id=\"321d22b\" data-element_type=\"widget\" data-widget_type=\"heading.default\">\n\t\t\t\t<div class=\"elementor-widget-container\">\n\t\t\t<h2 class=\"elementor-heading-title elementor-size-default\">2022-II<\/h2>\t\t<\/div>\n\t\t\t\t<\/div>\n\t\t\t\t\t<\/div>\n\t\t<\/div>\n\t\t\t\t\t\t\t<\/div>\n\t\t<\/section>\n\t\t\t\t<section class=\"elementor-section elementor-top-section elementor-element elementor-element-cfb5895 elementor-section-boxed elementor-section-height-default elementor-section-height-default\" data-id=\"cfb5895\" data-element_type=\"section\">\n\t\t\t\t\t\t<div class=\"elementor-container elementor-column-gap-default\">\n\t\t\t\t\t<div class=\"elementor-column elementor-col-100 elementor-top-column elementor-element elementor-element-fe83799\" data-id=\"fe83799\" data-element_type=\"column\">\n\t\t\t<div class=\"elementor-widget-wrap elementor-element-populated\">\n\t\t\t\t\t\t\t\t<div class=\"elementor-element elementor-element-3918675 elementor-widget elementor-widget-heading\" data-id=\"3918675\" data-element_type=\"widget\" data-widget_type=\"heading.default\">\n\t\t\t\t<div class=\"elementor-widget-container\">\n\t\t\t<h2 class=\"elementor-heading-title elementor-size-default\">ESTADISTICAS DE EGRESADOS 2021 - 2022<\/h2>\t\t<\/div>\n\t\t\t\t<\/div>\n\t\t\t\t<div class=\"elementor-element elementor-element-06aca1a tx-table-align-center tx-table-dt-th-align-center tx-table-dt-td-align-center elementor-widget elementor-widget-ep-table\" data-id=\"06aca1a\" data-element_type=\"widget\" data-widget_type=\"ep-table.default\">\n\t\t\t\t<div class=\"elementor-widget-container\">\n\t\t\t        <div class=\"tx-table-wrap\">\n            <table class=\"table tx-table center\" id=\"tx-table-06aca1a\">\n                <thead>\n                    <tr class=\"table-header\">\n                                                <th colspan=\"\">\n                                                        PROGRAMA DE ESTUDIOS<\/th>\n                                                <th colspan=\"\">\n                                                        2021<\/th>\n                                                <th colspan=\"\">\n                                                        2022<\/th>\n                                            <\/tr>\n                <\/thead>\n                <tbody>\n                                            <tr>\n                                                                        <td colspan=\"\" rowspan=\"\">\n                                                <div class=\"td-content-wrapper\"><div class=\"td-content\"><p>Enfermer\u00eda T\u00e9cnica<\/p><\/div><\/div>\n                                            <\/td>\n                                       \n                                                                                    <td colspan=\"\" rowspan=\"\">\n                                                <div class=\"td-content-wrapper\"><div class=\"td-content\"><p>18<\/p><\/div><\/div>\n                                            <\/td>\n                                       \n                                                                                    <td colspan=\"\" rowspan=\"\">\n                                                <div class=\"td-content-wrapper\"><div class=\"td-content\"><p>32<\/p><\/div><\/div>\n                                            <\/td>\n                                       \n                                                                <\/tr>\n                                            <tr>\n                                                                        <td colspan=\"\" rowspan=\"\">\n                                                <div class=\"td-content-wrapper\"><div class=\"td-content\"><p>Arquitectura de Plataformas y Servicios de Tecnolog\u00edas de la Informaci\u00f3n.<\/p><\/div><\/div>\n                                            <\/td>\n                                       \n                                                                                    <td colspan=\"\" rowspan=\"\">\n                                                <div class=\"td-content-wrapper\"><div class=\"td-content\"><p>34<\/p><\/div><\/div>\n                                            <\/td>\n                                       \n                                                                                    <td colspan=\"\" rowspan=\"\">\n                                                <div class=\"td-content-wrapper\"><div class=\"td-content\"><p>27<\/p><\/div><\/div>\n                                            <\/td>\n                                       \n                                                                <\/tr>\n                                            <tr>\n                                                                        <td colspan=\"\" rowspan=\"\">\n                                                <div class=\"td-content-wrapper\"><div class=\"td-content\"><p>TOTAL<\/p><\/div><\/div>\n                                            <\/td>\n                                       \n                                                                                    <td colspan=\"\" rowspan=\"\">\n                                                <div class=\"td-content-wrapper\"><div class=\"td-content\"><p>52<\/p><\/div><\/div>\n                                            <\/td>\n                                       \n                                                                                    <td colspan=\"\" rowspan=\"\">\n                                                <div class=\"td-content-wrapper\"><div class=\"td-content\"><p>59<\/p><\/div><\/div>\n                                            <\/td>\n                                       \n                                                                <\/tr>\n                                            <tr>\n                                                    <\/tr>\n                                    <\/tbody>\n            <\/table>\n        <\/div>\n        \t\t<\/div>\n\t\t\t\t<\/div>\n\t\t\t\t\t<\/div>\n\t\t<\/div>\n\t\t\t\t\t\t\t<\/div>\n\t\t<\/section>\n\t\t\t\t<section class=\"elementor-section elementor-top-section elementor-element elementor-element-4bb008a elementor-section-stretched elementor-section-boxed elementor-section-height-default elementor-section-height-default\" data-id=\"4bb008a\" data-element_type=\"section\" data-settings=\"{&quot;stretch_section&quot;:&quot;section-stretched&quot;}\">\n\t\t\t\t\t\t<div class=\"elementor-container elementor-column-gap-default\">\n\t\t\t\t\t<div class=\"elementor-column elementor-col-100 elementor-top-column elementor-element elementor-element-925e2ed\" data-id=\"925e2ed\" data-element_type=\"column\">\n\t\t\t<div class=\"elementor-widget-wrap\">\n\t\t\t\t\t\t\t\t\t<\/div>\n\t\t<\/div>\n\t\t\t\t\t\t\t<\/div>\n\t\t<\/section>\n\t\t\t\t\t\t\t<\/div>\n\t\t","protected":false},"excerpt":{"rendered":"<p class=\"tx-excerpt\">ESTADISTICAS DE INGRESANTES 2021 &#8211; 2022 PROGRAMA DE ESTUDIOS 2021 2022 Enfermer\u00eda T\u00e9cnica 60 50 Arquitectura de Plataformas y Servicios de Tecnolog\u00edas de<div class=\"tx-read-more\"><a href=\"https:\/\/iestpyunguyo.edu.pe\/portal\/estadistica\/\">Seguir Leyendo<\/a><\/div>","protected":false},"author":1,"featured_media":0,"parent":0,"menu_order":0,"comment_status":"closed","ping_status":"closed","template":"elementor_header_footer","meta":{"footnotes":""},"class_list":["post-2015","page","type-page","status-publish","hentry"],"_links":{"self":[{"href":"https:\/\/iestpyunguyo.edu.pe\/portal\/wp-json\/wp\/v2\/pages\/2015","targetHints":{"allow":["GET"]}}],"collection":[{"href":"https:\/\/iestpyunguyo.edu.pe\/portal\/wp-json\/wp\/v2\/pages"}],"about":[{"href":"https:\/\/iestpyunguyo.edu.pe\/portal\/wp-json\/wp\/v2\/types\/page"}],"author":[{"embeddable":true,"href":"https:\/\/iestpyunguyo.edu.pe\/portal\/wp-json\/wp\/v2\/users\/1"}],"replies":[{"embeddable":true,"href":"https:\/\/iestpyunguyo.edu.pe\/portal\/wp-json\/wp\/v2\/comments?post=2015"}],"version-history":[{"count":73,"href":"https:\/\/iestpyunguyo.edu.pe\/portal\/wp-json\/wp\/v2\/pages\/2015\/revisions"}],"predecessor-version":[{"id":3380,"href":"https:\/\/iestpyunguyo.edu.pe\/portal\/wp-json\/wp\/v2\/pages\/2015\/revisions\/3380"}],"wp:attachment":[{"href":"https:\/\/iestpyunguyo.edu.pe\/portal\/wp-json\/wp\/v2\/media?parent=2015"}],"curies":[{"name":"wp","href":"https:\/\/api.w.org\/{rel}","templated":true}]}}